{"id":546,"date":"2023-07-26T11:51:16","date_gmt":"2023-07-26T14:51:16","guid":{"rendered":"https:\/\/cnbf.org.br\/?page_id=546"},"modified":"2026-04-01T12:12:00","modified_gmt":"2026-04-01T15:12:00","slug":"parcerias-apoiadores","status":"publish","type":"page","link":"https:\/\/www.cnbf.org.br\/index.php\/parcerias-apoiadores\/","title":{"rendered":"PATROCINADORES E APOIADORES"},"content":{"rendered":"<div class=\"wpb-content-wrapper\"><p>[vc_row][vc_column][vc_column_text css=&#8221;&#8221;]<span style=\"font-family: arial, helvetica, sans-serif;\">O site da Confedera\u00e7\u00e3o Nacional de Bandas e Fanfarras (www.cnbf.org.br) que est\u00e1 publicado na Internet desde meados de 2022, recebe uma m\u00e9dia de 2000 a 3000 visitas mensais.<\/span><\/p>\n<p><span style=\"font-family: arial, helvetica, sans-serif;\">Estes visitantes s\u00e3o formados em sua grande maioria por um p\u00fablico altamente espec\u00edfico (devido ao fato da CNBF ser o \u00f3rg\u00e3o m\u00e1ximo no setor e seu site ser ponto indispens\u00e1vel para todos que integram de alguma maneira esse segmento da m\u00fasica, Bandas e Fanfarras no Brasil).<\/span><\/p>\n<p><span style=\"font-family: arial, helvetica, sans-serif;\">Os dados constantes no monitoramento da CNBF, que em breve publicar\u00e1 proje\u00e7\u00f5es mensais, s\u00e3o gerados por\u00a0 WebTrends Corporation (www.webtrends.com), empresa especializada em auditar estat\u00edsticas em sites da Internet.<\/span><\/p>\n<p class=\"has-text-align-center\"><span style=\"font-family: arial, helvetica, sans-serif;\">Convidamos sua empresa a ser\u00a0 um dos nossos parceiros.\u00a0<\/span><\/p>\n<p class=\"has-text-align-center\"><span style=\"font-family: arial, helvetica, sans-serif;\">Envie um e-mail para\u00a0<a href=\"mailto:secretaria@cnbf.org.br\">secretaria@cnbf.org.br<\/a>\u00a0para que possamos entrar em contato para inserir sua logomarca.<\/span><\/p>\n<p>[\/vc_column_text][vc_media_grid gap=&#8221;10&#8243; item=&#8221;masonryMedia_Default&#8221; css=&#8221;&#8221; grid_id=&#8221;vc_gid:1775056273593-facf0573-0306-6&#8243; include=&#8221;1463,834,827,1458,1420,1460,824,897,1109&#8243;][\/vc_column][\/vc_row]<\/p>\n<\/div>","protected":false},"excerpt":{"rendered":"<p>[vc_row][vc_column][vc_column_text css=&#8221;&#8221;]O site da Confedera\u00e7\u00e3o Nacional de Bandas e Fanfarras (www.cnbf.org.br) que est\u00e1 publicado na Internet desde meados de 2022, recebe uma m\u00e9dia de 2000 a 3000 visitas mensais. Estes visitantes s\u00e3o formados em sua grande maioria por um p\u00fablico altamente espec\u00edfico (devido ao fato da CNBF ser o \u00f3rg\u00e3o m\u00e1ximo no setor e seu [&hellip;]<\/p>\n","protected":false},"author":2,"featured_media":0,"parent":0,"menu_order":0,"comment_status":"closed","ping_status":"closed","template":"","meta":{"footnotes":""},"class_list":["post-546","page","type-page","status-publish","hentry"],"_hostinger_reach_plugin_has_subscription_block":false,"_hostinger_reach_plugin_is_elementor":false,"wpmagazine_modules_lite_featured_media_urls":{"thumbnail":"","cvmm-medium":"","cvmm-medium-plus":"","cvmm-portrait":"","cvmm-medium-square":"","cvmm-large":"","cvmm-small":"","full":""},"categories_names":null,"comments_number":"0","jetpack_sharing_enabled":true,"_links":{"self":[{"href":"https:\/\/www.cnbf.org.br\/index.php\/wp-json\/wp\/v2\/pages\/546","targetHints":{"allow":["GET"]}}],"collection":[{"href":"https:\/\/www.cnbf.org.br\/index.php\/wp-json\/wp\/v2\/pages"}],"about":[{"href":"https:\/\/www.cnbf.org.br\/index.php\/wp-json\/wp\/v2\/types\/page"}],"author":[{"embeddable":true,"href":"https:\/\/www.cnbf.org.br\/index.php\/wp-json\/wp\/v2\/users\/2"}],"replies":[{"embeddable":true,"href":"https:\/\/www.cnbf.org.br\/index.php\/wp-json\/wp\/v2\/comments?post=546"}],"version-history":[{"count":12,"href":"https:\/\/www.cnbf.org.br\/index.php\/wp-json\/wp\/v2\/pages\/546\/revisions"}],"predecessor-version":[{"id":1468,"href":"https:\/\/www.cnbf.org.br\/index.php\/wp-json\/wp\/v2\/pages\/546\/revisions\/1468"}],"wp:attachment":[{"href":"https:\/\/www.cnbf.org.br\/index.php\/wp-json\/wp\/v2\/media?parent=546"}],"curies":[{"name":"wp","href":"https:\/\/api.w.org\/{rel}","templated":true}]}}