{"id":544,"date":"2023-07-26T11:43:38","date_gmt":"2023-07-26T14:43:38","guid":{"rendered":"https:\/\/cnbf.org.br\/?page_id=544"},"modified":"2025-10-10T12:11:01","modified_gmt":"2025-10-10T15:11:01","slug":"ata-de-fundacao","status":"publish","type":"page","link":"https:\/\/www.cnbf.org.br\/index.php\/ata-de-fundacao\/","title":{"rendered":"ATA DE FUNDA\u00c7\u00c3O"},"content":{"rendered":"\r\n<p class=\"has-text-align-center\" style=\"text-align: center;\"><span style=\"font-size: 24pt;\"><strong><mark class=\"has-inline-color has-vivid-red-color\" style=\"background-color: rgba(0, 0, 0, 0);\">C\u00f3pia Fiel da\u00a0Ata de Funda\u00e7\u00e3o da Confedera\u00e7\u00e3o Nacional de Bandas e Fanfarras<\/mark><\/strong><\/span><\/p>\r\n\r\n\r\n\r\n<blockquote>\r\n<p style=\"text-align: justify;\"><em><span style=\"font-family: arial, helvetica, sans-serif;\">Aos trinta dias do m\u00eas de setembro do ano de um mil novecentos e noventa e cinco, no audit\u00f3rio da sede de campo da Confedera\u00e7\u00e3o Nacional dos Trabalhadores na Agricultura, CONTAG, sito a MSPW -Quadra I, Conjunto 2, Lote 2, em Bras\u00edlia, Distrito Federal, sob a presid\u00eancia do senhor coronel reformado da Pol\u00edcia Militar do Estado de S\u00e3o Paulo, Antonio Domingos Sacco, reuniram-se os representantes das Federa\u00e7\u00f5es regionais de Bandas e Fanfarras dos Estados da Para\u00edba, Mato Grosso e Distrito Federal para tratar dos seguintes assuntos: a) funda\u00e7\u00e3o da Confedera\u00e7\u00e3o Nacional de Bandas e Fanfarras; b) aprova\u00e7\u00e3o dos Estatutos da entidade; c) elei\u00e7\u00e3o da diretoria, conforme pauta de convoca\u00e7\u00e3o constante da programa\u00e7\u00e3o do V Encontro Nacional\u00a0\u00a0de Regentes, Instrutores e Dirigentes de Bandas e Fanfarras realizado no mesmo local. \u00e0s vinte e duas horas e trinta minutos, com a presen\u00e7a dos respons\u00e1veis pelas referidas federa\u00e7\u00f5es e mais representantes de cerca de sessenta entidades musicais de quatorze estados distintos, o senhor presidente declarou aberta a reuni\u00e3o da primeira Assembl\u00e9ia Geral dos representantes das federa\u00e7\u00f5es regionais de bandas e fanfarras. A seguir, o presidente convidou o senhor Adhemar Pombo, estilista da Jomal Uniformes, a secretariar a reuni\u00e3o e, ato cont\u00ednuo, conclamou os senhores Wellington Pessoa da Silva, diretor da Pronto Cl\u00ednicas dos Instrumentos Musicais e o senhor Aldo Nunez Macri, diretor da Jomal Uniformes, a compor a mesa. A seguir o senhor presidente fez uma sauda\u00e7\u00e3o aos presentes\u00a0\u00a0e consultou a todos se ali se encontravam de livre e espont\u00e2nea vontade. Recebendo\u00a0\u00a0manifesta\u00e7\u00e3o positiva e un\u00e2nime o presidente convidou a todos a assinarem a lista de presen\u00e7a. Havendo quorum para delibera\u00e7\u00e3o o presidente colocou em discuss\u00e3o a aprova\u00e7\u00e3o da funda\u00e7\u00e3o da Confedera\u00e7\u00e3o Nacional de Bandas e Fanfarras. Ningu\u00e9m se manifestando, a proposta\u00a0\u00a0foi colocada em vota\u00e7\u00e3o sendo aprovada por unanimidade. O senhor presidente declarou fundada a Confedera\u00e7\u00e3o Nacional de Bandas e Fanfarras e a seguir submeteu para discuss\u00e3o e vota\u00e7\u00e3o os Estatutos da entidade. Solicitou a palavra o presidente da Federa\u00e7\u00e3o de Fanfarras e Bandas do Estado da Para\u00edba, Fernando Luiz Pereira de Brito Ruffo, que pediu em nome dos demais integrantes da Assembl\u00e9ia a dispensa da leitura dos Estatutos, uma vez que os mesmos eram do conhecimento\u00a0\u00a0de todos. O senhor presidente consultou todos os representantes das federa\u00e7\u00f5es presentes e colocou a proposta em vota\u00e7\u00e3o, sendo aprovada por unanimidade.<\/span><\/em><\/p>\r\n<span style=\"font-family: arial, helvetica, sans-serif;\">\r\n\r\n<\/span>\r\n<p style=\"text-align: justify;\"><em><span style=\"font-family: arial, helvetica, sans-serif;\">Ronaldo Faleiros (in Memorian)<br \/>Presidente\u00a0\u00a0<\/span><\/em><\/p>\r\n<\/blockquote>\r\n","protected":false},"excerpt":{"rendered":"<p>C\u00f3pia Fiel da\u00a0Ata de Funda\u00e7\u00e3o da Confedera\u00e7\u00e3o Nacional de Bandas e Fanfarras Aos trinta dias..<\/p>\n","protected":false},"author":2,"featured_media":0,"parent":0,"menu_order":0,"comment_status":"closed","ping_status":"closed","template":"","meta":{"footnotes":""},"class_list":["post-544","page","type-page","status-publish","hentry"],"jetpack_sharing_enabled":true,"_links":{"self":[{"href":"https:\/\/www.cnbf.org.br\/index.php\/wp-json\/wp\/v2\/pages\/544","targetHints":{"allow":["GET"]}}],"collection":[{"href":"https:\/\/www.cnbf.org.br\/index.php\/wp-json\/wp\/v2\/pages"}],"about":[{"href":"https:\/\/www.cnbf.org.br\/index.php\/wp-json\/wp\/v2\/types\/page"}],"author":[{"embeddable":true,"href":"https:\/\/www.cnbf.org.br\/index.php\/wp-json\/wp\/v2\/users\/2"}],"replies":[{"embeddable":true,"href":"https:\/\/www.cnbf.org.br\/index.php\/wp-json\/wp\/v2\/comments?post=544"}],"version-history":[{"count":0,"href":"https:\/\/www.cnbf.org.br\/index.php\/wp-json\/wp\/v2\/pages\/544\/revisions"}],"wp:attachment":[{"href":"https:\/\/www.cnbf.org.br\/index.php\/wp-json\/wp\/v2\/media?parent=544"}],"curies":[{"name":"wp","href":"https:\/\/api.w.org\/{rel}","templated":true}]}}