{"id":181,"date":"2022-10-07T18:18:40","date_gmt":"2022-10-07T21:18:40","guid":{"rendered":"https:\/\/cnbf.org.br\/?page_id=181"},"modified":"2025-10-10T12:19:18","modified_gmt":"2025-10-10T15:19:18","slug":"fenoart","status":"publish","type":"page","link":"https:\/\/www.cnbf.org.br\/index.php\/fenoart\/","title":{"rendered":"FENOART"},"content":{"rendered":"<p style=\"text-align: justify;\"><em><span style=\"font-family: helvetica, arial, sans-serif;\">\u00c9 com imensa satisfa\u00e7\u00e3o que o Minist\u00e9rio do Turismo, Secretaria Especial da Cultura, Lei Aldir Blanc e Governo do Estado de S\u00e3o Paulo, por interm\u00e9dio da Secretaria de Cultura e Economia Criativa, e com execu\u00e7\u00e3o e produ\u00e7\u00e3o da Confedera\u00e7\u00e3o Nacional de Bandas e Fanfarras &#8211; CNBF, apresentaram:<\/span><\/em><\/p>\n<div class=\"x11i5rnm xat24cr x1mh8g0r x1vvkbs xtlvy1s x126k92a\" style=\"text-align: justify;\">\n<div dir=\"auto\" style=\"text-align: center;\"><span style=\"font-size: 24pt;\"><strong><em><span style=\"font-family: helvetica, arial, sans-serif;\">I FENOART &#8211; Festival Nacional de Oficinas CNBF 2021<\/span><\/em><\/strong><\/span><\/div>\n<div dir=\"auto\"><\/div>\n<\/div>\n<div class=\"x11i5rnm xat24cr x1mh8g0r x1vvkbs xtlvy1s x126k92a\">\n<div dir=\"auto\" style=\"text-align: justify;\"><em><span style=\"font-family: helvetica, arial, sans-serif;\">Um grandioso Festival Art\u00edstico\/Musical que trouxe diversas oficinas ministradas ao vivo, com grandes artistas e personalidades do mundo musical e art\u00edstico\/visual, garantindo \u00e0 excel\u00eancia deste Festival que incentivou uma grande evolu\u00e7\u00e3o e desenvolvimento ao segmento de Bandas e Fanfarras em suas corpora\u00e7\u00f5es, e em seus eventos.<\/span><\/em><\/div>\n<div dir=\"auto\">\n<hr \/>\n<\/div>\n<div dir=\"auto\"><img loading=\"lazy\" decoding=\"async\" class=\"aligncenter wp-image-358 size-full\" src=\"https:\/\/www.cnbf.org.br\/wp-content\/uploads\/2022\/10\/218901135_4710763695624973_181563847942080026_n.jpg\" alt=\"\" width=\"720\" height=\"405\" srcset=\"https:\/\/www.cnbf.org.br\/wp-content\/uploads\/2022\/10\/218901135_4710763695624973_181563847942080026_n.jpg 720w, https:\/\/www.cnbf.org.br\/wp-content\/uploads\/2022\/10\/218901135_4710763695624973_181563847942080026_n-300x169.jpg 300w\" sizes=\"auto, (max-width: 720px) 100vw, 720px\" \/><\/div>\n<div dir=\"auto\"><\/div>\n<div dir=\"auto\"><img loading=\"lazy\" decoding=\"async\" class=\"alignnone size-medium wp-image-363\" src=\"https:\/\/www.cnbf.org.br\/wp-content\/uploads\/2022\/10\/204130461_4666695526698457_6014893223068690903_n-300x300.jpg\" alt=\"\" width=\"300\" height=\"300\" srcset=\"https:\/\/www.cnbf.org.br\/wp-content\/uploads\/2022\/10\/204130461_4666695526698457_6014893223068690903_n-300x300.jpg 300w, https:\/\/www.cnbf.org.br\/wp-content\/uploads\/2022\/10\/204130461_4666695526698457_6014893223068690903_n-150x150.jpg 150w, https:\/\/www.cnbf.org.br\/wp-content\/uploads\/2022\/10\/204130461_4666695526698457_6014893223068690903_n.jpg 750w\" sizes=\"auto, (max-width: 300px) 100vw, 300px\" \/> <img loading=\"lazy\" decoding=\"async\" class=\"alignnone size-medium wp-image-364\" src=\"https:\/\/www.cnbf.org.br\/wp-content\/uploads\/2022\/10\/205618678_4649401948427815_360239216763006362_n-300x300.jpg\" alt=\"\" width=\"300\" height=\"300\" srcset=\"https:\/\/www.cnbf.org.br\/wp-content\/uploads\/2022\/10\/205618678_4649401948427815_360239216763006362_n-300x300.jpg 300w, https:\/\/www.cnbf.org.br\/wp-content\/uploads\/2022\/10\/205618678_4649401948427815_360239216763006362_n-150x150.jpg 150w, https:\/\/www.cnbf.org.br\/wp-content\/uploads\/2022\/10\/205618678_4649401948427815_360239216763006362_n.jpg 750w\" sizes=\"auto, (max-width: 300px) 100vw, 300px\" \/> <img loading=\"lazy\" decoding=\"async\" class=\"alignnone size-medium wp-image-365\" src=\"https:\/\/www.cnbf.org.br\/wp-content\/uploads\/2022\/10\/205812397_4649401951761148_5439133182611094723_n-300x300.jpg\" alt=\"\" width=\"300\" height=\"300\" srcset=\"https:\/\/www.cnbf.org.br\/wp-content\/uploads\/2022\/10\/205812397_4649401951761148_5439133182611094723_n-300x300.jpg 300w, https:\/\/www.cnbf.org.br\/wp-content\/uploads\/2022\/10\/205812397_4649401951761148_5439133182611094723_n-150x150.jpg 150w, https:\/\/www.cnbf.org.br\/wp-content\/uploads\/2022\/10\/205812397_4649401951761148_5439133182611094723_n.jpg 750w\" sizes=\"auto, (max-width: 300px) 100vw, 300px\" \/> <img loading=\"lazy\" decoding=\"async\" class=\"alignnone size-medium wp-image-366\" src=\"https:\/\/www.cnbf.org.br\/wp-content\/uploads\/2022\/10\/207971139_4663699830331360_4761448113471745972_n-300x300.jpg\" alt=\"\" width=\"300\" height=\"300\" srcset=\"https:\/\/www.cnbf.org.br\/wp-content\/uploads\/2022\/10\/207971139_4663699830331360_4761448113471745972_n-300x300.jpg 300w, https:\/\/www.cnbf.org.br\/wp-content\/uploads\/2022\/10\/207971139_4663699830331360_4761448113471745972_n-150x150.jpg 150w, https:\/\/www.cnbf.org.br\/wp-content\/uploads\/2022\/10\/207971139_4663699830331360_4761448113471745972_n.jpg 750w\" sizes=\"auto, (max-width: 300px) 100vw, 300px\" \/> <img loading=\"lazy\" decoding=\"async\" class=\"alignnone size-medium wp-image-367\" src=\"https:\/\/www.cnbf.org.br\/wp-content\/uploads\/2022\/10\/208033955_4663699836998026_5580373997416604785_n-300x300.jpg\" alt=\"\" width=\"300\" height=\"300\" srcset=\"https:\/\/www.cnbf.org.br\/wp-content\/uploads\/2022\/10\/208033955_4663699836998026_5580373997416604785_n-300x300.jpg 300w, https:\/\/www.cnbf.org.br\/wp-content\/uploads\/2022\/10\/208033955_4663699836998026_5580373997416604785_n-150x150.jpg 150w, https:\/\/www.cnbf.org.br\/wp-content\/uploads\/2022\/10\/208033955_4663699836998026_5580373997416604785_n.jpg 750w\" sizes=\"auto, (max-width: 300px) 100vw, 300px\" \/> <img loading=\"lazy\" decoding=\"async\" class=\"alignnone size-medium wp-image-368\" src=\"https:\/\/www.cnbf.org.br\/wp-content\/uploads\/2022\/10\/208137287_4666695530031790_6111797941696761202_n-300x300.jpg\" alt=\"\" width=\"300\" height=\"300\" srcset=\"https:\/\/www.cnbf.org.br\/wp-content\/uploads\/2022\/10\/208137287_4666695530031790_6111797941696761202_n-300x300.jpg 300w, https:\/\/www.cnbf.org.br\/wp-content\/uploads\/2022\/10\/208137287_4666695530031790_6111797941696761202_n-150x150.jpg 150w, https:\/\/www.cnbf.org.br\/wp-content\/uploads\/2022\/10\/208137287_4666695530031790_6111797941696761202_n.jpg 750w\" sizes=\"auto, (max-width: 300px) 100vw, 300px\" \/> <img loading=\"lazy\" decoding=\"async\" class=\"alignnone size-medium wp-image-369\" src=\"https:\/\/www.cnbf.org.br\/wp-content\/uploads\/2022\/10\/208293637_4672474246120585_3238372909925054219_n-300x300.jpg\" alt=\"\" width=\"300\" height=\"300\" srcset=\"https:\/\/www.cnbf.org.br\/wp-content\/uploads\/2022\/10\/208293637_4672474246120585_3238372909925054219_n-300x300.jpg 300w, https:\/\/www.cnbf.org.br\/wp-content\/uploads\/2022\/10\/208293637_4672474246120585_3238372909925054219_n-150x150.jpg 150w, https:\/\/www.cnbf.org.br\/wp-content\/uploads\/2022\/10\/208293637_4672474246120585_3238372909925054219_n.jpg 750w\" sizes=\"auto, (max-width: 300px) 100vw, 300px\" \/> <img loading=\"lazy\" decoding=\"async\" class=\"alignnone size-medium wp-image-370\" src=\"https:\/\/www.cnbf.org.br\/wp-content\/uploads\/2022\/10\/208650548_4675195855848424_3897317662937337298_n-300x300.jpg\" alt=\"\" width=\"300\" height=\"300\" srcset=\"https:\/\/www.cnbf.org.br\/wp-content\/uploads\/2022\/10\/208650548_4675195855848424_3897317662937337298_n-300x300.jpg 300w, https:\/\/www.cnbf.org.br\/wp-content\/uploads\/2022\/10\/208650548_4675195855848424_3897317662937337298_n-150x150.jpg 150w, https:\/\/www.cnbf.org.br\/wp-content\/uploads\/2022\/10\/208650548_4675195855848424_3897317662937337298_n.jpg 750w\" sizes=\"auto, (max-width: 300px) 100vw, 300px\" \/> <img loading=\"lazy\" decoding=\"async\" class=\"alignnone size-medium wp-image-371\" src=\"https:\/\/www.cnbf.org.br\/wp-content\/uploads\/2022\/10\/208970803_4678054292229247_9202964048169477620_n-300x300.jpg\" alt=\"\" width=\"300\" height=\"300\" srcset=\"https:\/\/www.cnbf.org.br\/wp-content\/uploads\/2022\/10\/208970803_4678054292229247_9202964048169477620_n-300x300.jpg 300w, https:\/\/www.cnbf.org.br\/wp-content\/uploads\/2022\/10\/208970803_4678054292229247_9202964048169477620_n-150x150.jpg 150w, https:\/\/www.cnbf.org.br\/wp-content\/uploads\/2022\/10\/208970803_4678054292229247_9202964048169477620_n.jpg 750w\" sizes=\"auto, (max-width: 300px) 100vw, 300px\" \/> <img loading=\"lazy\" decoding=\"async\" class=\"alignnone size-medium wp-image-372\" src=\"https:\/\/www.cnbf.org.br\/wp-content\/uploads\/2022\/10\/209036167_4669483139753029_3016165249733180199_n-300x300.jpg\" alt=\"\" width=\"300\" height=\"300\" srcset=\"https:\/\/www.cnbf.org.br\/wp-content\/uploads\/2022\/10\/209036167_4669483139753029_3016165249733180199_n-300x300.jpg 300w, https:\/\/www.cnbf.org.br\/wp-content\/uploads\/2022\/10\/209036167_4669483139753029_3016165249733180199_n-150x150.jpg 150w, https:\/\/www.cnbf.org.br\/wp-content\/uploads\/2022\/10\/209036167_4669483139753029_3016165249733180199_n.jpg 750w\" sizes=\"auto, (max-width: 300px) 100vw, 300px\" \/> <img loading=\"lazy\" decoding=\"async\" class=\"alignnone size-medium wp-image-373\" src=\"https:\/\/www.cnbf.org.br\/wp-content\/uploads\/2022\/10\/209530810_4693046574063352_6634780606617964387_n-300x300.jpg\" alt=\"\" width=\"300\" height=\"300\" srcset=\"https:\/\/www.cnbf.org.br\/wp-content\/uploads\/2022\/10\/209530810_4693046574063352_6634780606617964387_n-300x300.jpg 300w, https:\/\/www.cnbf.org.br\/wp-content\/uploads\/2022\/10\/209530810_4693046574063352_6634780606617964387_n-150x150.jpg 150w, https:\/\/www.cnbf.org.br\/wp-content\/uploads\/2022\/10\/209530810_4693046574063352_6634780606617964387_n.jpg 750w\" sizes=\"auto, (max-width: 300px) 100vw, 300px\" \/> <img loading=\"lazy\" decoding=\"async\" class=\"alignnone size-medium wp-image-374\" src=\"https:\/\/www.cnbf.org.br\/wp-content\/uploads\/2022\/10\/209655733_4660760730625270_8039164569704645983_n-300x300.jpg\" alt=\"\" width=\"300\" height=\"300\" srcset=\"https:\/\/www.cnbf.org.br\/wp-content\/uploads\/2022\/10\/209655733_4660760730625270_8039164569704645983_n-300x300.jpg 300w, https:\/\/www.cnbf.org.br\/wp-content\/uploads\/2022\/10\/209655733_4660760730625270_8039164569704645983_n-150x150.jpg 150w, https:\/\/www.cnbf.org.br\/wp-content\/uploads\/2022\/10\/209655733_4660760730625270_8039164569704645983_n.jpg 750w\" sizes=\"auto, (max-width: 300px) 100vw, 300px\" \/> <img loading=\"lazy\" decoding=\"async\" class=\"alignnone size-medium wp-image-375\" src=\"https:\/\/www.cnbf.org.br\/wp-content\/uploads\/2022\/10\/210401540_4680982388603104_7909400284477464082_n-300x300.jpg\" alt=\"\" width=\"300\" height=\"300\" srcset=\"https:\/\/www.cnbf.org.br\/wp-content\/uploads\/2022\/10\/210401540_4680982388603104_7909400284477464082_n-300x300.jpg 300w, https:\/\/www.cnbf.org.br\/wp-content\/uploads\/2022\/10\/210401540_4680982388603104_7909400284477464082_n-150x150.jpg 150w, https:\/\/www.cnbf.org.br\/wp-content\/uploads\/2022\/10\/210401540_4680982388603104_7909400284477464082_n.jpg 750w\" sizes=\"auto, (max-width: 300px) 100vw, 300px\" \/> <img loading=\"lazy\" decoding=\"async\" class=\"alignnone size-medium wp-image-376\" src=\"https:\/\/www.cnbf.org.br\/wp-content\/uploads\/2022\/10\/210731639_4687014984666511_8775729229748444012_n-300x300.jpg\" alt=\"\" width=\"300\" height=\"300\" srcset=\"https:\/\/www.cnbf.org.br\/wp-content\/uploads\/2022\/10\/210731639_4687014984666511_8775729229748444012_n-300x300.jpg 300w, https:\/\/www.cnbf.org.br\/wp-content\/uploads\/2022\/10\/210731639_4687014984666511_8775729229748444012_n-150x150.jpg 150w, https:\/\/www.cnbf.org.br\/wp-content\/uploads\/2022\/10\/210731639_4687014984666511_8775729229748444012_n.jpg 750w\" sizes=\"auto, (max-width: 300px) 100vw, 300px\" \/> <img loading=\"lazy\" decoding=\"async\" class=\"alignnone size-medium wp-image-377\" src=\"https:\/\/www.cnbf.org.br\/wp-content\/uploads\/2022\/10\/210941006_4683832778318065_8498971682314016202_n-300x300.jpg\" alt=\"\" width=\"300\" height=\"300\" srcset=\"https:\/\/www.cnbf.org.br\/wp-content\/uploads\/2022\/10\/210941006_4683832778318065_8498971682314016202_n-300x300.jpg 300w, https:\/\/www.cnbf.org.br\/wp-content\/uploads\/2022\/10\/210941006_4683832778318065_8498971682314016202_n-150x150.jpg 150w, https:\/\/www.cnbf.org.br\/wp-content\/uploads\/2022\/10\/210941006_4683832778318065_8498971682314016202_n.jpg 750w\" sizes=\"auto, (max-width: 300px) 100vw, 300px\" \/> <img loading=\"lazy\" decoding=\"async\" class=\"alignnone size-medium wp-image-378\" src=\"https:\/\/www.cnbf.org.br\/wp-content\/uploads\/2022\/10\/211080940_4683832774984732_6596324778816548618_n-300x300.jpg\" alt=\"\" width=\"300\" height=\"300\" srcset=\"https:\/\/www.cnbf.org.br\/wp-content\/uploads\/2022\/10\/211080940_4683832774984732_6596324778816548618_n-300x300.jpg 300w, https:\/\/www.cnbf.org.br\/wp-content\/uploads\/2022\/10\/211080940_4683832774984732_6596324778816548618_n-150x150.jpg 150w, https:\/\/www.cnbf.org.br\/wp-content\/uploads\/2022\/10\/211080940_4683832774984732_6596324778816548618_n.jpg 750w\" sizes=\"auto, (max-width: 300px) 100vw, 300px\" \/> <img loading=\"lazy\" decoding=\"async\" class=\"alignnone size-medium wp-image-379\" src=\"https:\/\/www.cnbf.org.br\/wp-content\/uploads\/2022\/10\/211279944_4669483143086362_5746724112528065181_n-300x300.jpg\" alt=\"\" width=\"300\" height=\"300\" srcset=\"https:\/\/www.cnbf.org.br\/wp-content\/uploads\/2022\/10\/211279944_4669483143086362_5746724112528065181_n-300x300.jpg 300w, https:\/\/www.cnbf.org.br\/wp-content\/uploads\/2022\/10\/211279944_4669483143086362_5746724112528065181_n-150x150.jpg 150w, https:\/\/www.cnbf.org.br\/wp-content\/uploads\/2022\/10\/211279944_4669483143086362_5746724112528065181_n.jpg 750w\" sizes=\"auto, (max-width: 300px) 100vw, 300px\" \/> <img loading=\"lazy\" decoding=\"async\" class=\"alignnone size-medium wp-image-380\" src=\"https:\/\/www.cnbf.org.br\/wp-content\/uploads\/2022\/10\/211743651_4675195862515090_1132971683171973423_n-300x300.jpg\" alt=\"\" width=\"300\" height=\"300\" srcset=\"https:\/\/www.cnbf.org.br\/wp-content\/uploads\/2022\/10\/211743651_4675195862515090_1132971683171973423_n-300x300.jpg 300w, https:\/\/www.cnbf.org.br\/wp-content\/uploads\/2022\/10\/211743651_4675195862515090_1132971683171973423_n-150x150.jpg 150w, https:\/\/www.cnbf.org.br\/wp-content\/uploads\/2022\/10\/211743651_4675195862515090_1132971683171973423_n.jpg 750w\" sizes=\"auto, (max-width: 300px) 100vw, 300px\" \/> <img loading=\"lazy\" decoding=\"async\" class=\"alignnone size-medium wp-image-381\" src=\"https:\/\/www.cnbf.org.br\/wp-content\/uploads\/2022\/10\/212264142_4678054288895914_6908374394731744562_n-300x300.jpg\" alt=\"\" width=\"300\" height=\"300\" srcset=\"https:\/\/www.cnbf.org.br\/wp-content\/uploads\/2022\/10\/212264142_4678054288895914_6908374394731744562_n-300x300.jpg 300w, https:\/\/www.cnbf.org.br\/wp-content\/uploads\/2022\/10\/212264142_4678054288895914_6908374394731744562_n-150x150.jpg 150w, https:\/\/www.cnbf.org.br\/wp-content\/uploads\/2022\/10\/212264142_4678054288895914_6908374394731744562_n.jpg 750w\" sizes=\"auto, (max-width: 300px) 100vw, 300px\" \/> <img loading=\"lazy\" decoding=\"async\" class=\"alignnone size-medium wp-image-382\" src=\"https:\/\/www.cnbf.org.br\/wp-content\/uploads\/2022\/10\/212743245_4690165384351471_2216528760578827145_n-300x300.jpg\" alt=\"\" width=\"300\" height=\"300\" srcset=\"https:\/\/www.cnbf.org.br\/wp-content\/uploads\/2022\/10\/212743245_4690165384351471_2216528760578827145_n-300x300.jpg 300w, https:\/\/www.cnbf.org.br\/wp-content\/uploads\/2022\/10\/212743245_4690165384351471_2216528760578827145_n-150x150.jpg 150w, https:\/\/www.cnbf.org.br\/wp-content\/uploads\/2022\/10\/212743245_4690165384351471_2216528760578827145_n.jpg 750w\" sizes=\"auto, (max-width: 300px) 100vw, 300px\" \/> <img loading=\"lazy\" decoding=\"async\" class=\"alignnone size-medium wp-image-383\" src=\"https:\/\/www.cnbf.org.br\/wp-content\/uploads\/2022\/10\/213479428_4672474239453919_4491827418743981382_n-300x300.jpg\" alt=\"\" width=\"300\" height=\"300\" srcset=\"https:\/\/www.cnbf.org.br\/wp-content\/uploads\/2022\/10\/213479428_4672474239453919_4491827418743981382_n-300x300.jpg 300w, https:\/\/www.cnbf.org.br\/wp-content\/uploads\/2022\/10\/213479428_4672474239453919_4491827418743981382_n-150x150.jpg 150w, https:\/\/www.cnbf.org.br\/wp-content\/uploads\/2022\/10\/213479428_4672474239453919_4491827418743981382_n.jpg 750w\" sizes=\"auto, (max-width: 300px) 100vw, 300px\" \/> <img loading=\"lazy\" decoding=\"async\" class=\"alignnone size-medium wp-image-384\" src=\"https:\/\/www.cnbf.org.br\/wp-content\/uploads\/2022\/10\/213765307_4695554987145844_3312233847487570594_n-300x300.jpg\" alt=\"\" width=\"300\" height=\"300\" srcset=\"https:\/\/www.cnbf.org.br\/wp-content\/uploads\/2022\/10\/213765307_4695554987145844_3312233847487570594_n-300x300.jpg 300w, https:\/\/www.cnbf.org.br\/wp-content\/uploads\/2022\/10\/213765307_4695554987145844_3312233847487570594_n-150x150.jpg 150w, https:\/\/www.cnbf.org.br\/wp-content\/uploads\/2022\/10\/213765307_4695554987145844_3312233847487570594_n.jpg 750w\" sizes=\"auto, (max-width: 300px) 100vw, 300px\" \/> <img loading=\"lazy\" decoding=\"async\" class=\"alignnone size-medium wp-image-385\" src=\"https:\/\/www.cnbf.org.br\/wp-content\/uploads\/2022\/10\/214532702_4680982385269771_1454920979235954491_n-300x300.jpg\" alt=\"\" width=\"300\" height=\"300\" srcset=\"https:\/\/www.cnbf.org.br\/wp-content\/uploads\/2022\/10\/214532702_4680982385269771_1454920979235954491_n-300x300.jpg 300w, https:\/\/www.cnbf.org.br\/wp-content\/uploads\/2022\/10\/214532702_4680982385269771_1454920979235954491_n-150x150.jpg 150w, https:\/\/www.cnbf.org.br\/wp-content\/uploads\/2022\/10\/214532702_4680982385269771_1454920979235954491_n.jpg 750w\" sizes=\"auto, (max-width: 300px) 100vw, 300px\" \/><\/div>\n<\/div>\n<p>&nbsp;<\/p>\n","protected":false},"excerpt":{"rendered":"<p>\u00c9 com imensa satisfa\u00e7\u00e3o que o Minist\u00e9rio do Turismo, Secretaria Especial da Cultura, Lei Aldir Blanc e Governo do Estado de S\u00e3o Paulo, por interm\u00e9dio da Secretaria de Cultura e Economia Criativa, e com execu\u00e7\u00e3o e produ\u00e7\u00e3o da Confedera\u00e7\u00e3o Nacional de Bandas e Fanfarras &#8211; CNBF, apresentaram: I FENOART &#8211; Festival Nacional de Oficinas CNBF [&hellip;]<\/p>\n","protected":false},"author":1,"featured_media":0,"parent":0,"menu_order":0,"comment_status":"closed","ping_status":"closed","template":"","meta":{"footnotes":""},"class_list":["post-181","page","type-page","status-publish","hentry"],"_hostinger_reach_plugin_has_subscription_block":false,"_hostinger_reach_plugin_is_elementor":false,"wpmagazine_modules_lite_featured_media_urls":{"thumbnail":"","cvmm-medium":"","cvmm-medium-plus":"","cvmm-portrait":"","cvmm-medium-square":"","cvmm-large":"","cvmm-small":"","full":""},"categories_names":null,"comments_number":"0","jetpack_sharing_enabled":true,"_links":{"self":[{"href":"https:\/\/www.cnbf.org.br\/index.php\/wp-json\/wp\/v2\/pages\/181","targetHints":{"allow":["GET"]}}],"collection":[{"href":"https:\/\/www.cnbf.org.br\/index.php\/wp-json\/wp\/v2\/pages"}],"about":[{"href":"https:\/\/www.cnbf.org.br\/index.php\/wp-json\/wp\/v2\/types\/page"}],"author":[{"embeddable":true,"href":"https:\/\/www.cnbf.org.br\/index.php\/wp-json\/wp\/v2\/users\/1"}],"replies":[{"embeddable":true,"href":"https:\/\/www.cnbf.org.br\/index.php\/wp-json\/wp\/v2\/comments?post=181"}],"version-history":[{"count":0,"href":"https:\/\/www.cnbf.org.br\/index.php\/wp-json\/wp\/v2\/pages\/181\/revisions"}],"wp:attachment":[{"href":"https:\/\/www.cnbf.org.br\/index.php\/wp-json\/wp\/v2\/media?parent=181"}],"curies":[{"name":"wp","href":"https:\/\/api.w.org\/{rel}","templated":true}]}}