{"id":175,"date":"2022-10-07T18:17:52","date_gmt":"2022-10-07T21:17:52","guid":{"rendered":"https:\/\/cnbf.org.br\/?page_id=175"},"modified":"2026-04-01T13:17:07","modified_gmt":"2026-04-01T16:17:07","slug":"entidades-filiadas","status":"publish","type":"page","link":"https:\/\/www.cnbf.org.br\/index.php\/entidades-filiadas\/","title":{"rendered":"ENTIDADES FILIADAS"},"content":{"rendered":"<div class=\"wpb-content-wrapper\"><p>[vc_row][vc_column][vc_column_text css=&#8221;&#8221;]<\/p>\n<p style=\"text-align: justify;\" data-start=\"0\" data-end=\"212\"><span style=\"font-family: arial, helvetica, sans-serif;\">A <span class=\"hover:entity-accent entity-underline inline cursor-pointer align-baseline\"><span class=\"whitespace-normal\">Confedera\u00e7\u00e3o Nacional de Bandas e Fanfarras<\/span><\/span> reconhece nos estados federados o alicerce fundamental para a consolida\u00e7\u00e3o, desenvolvimento e continuidade do movimento de bandas e fanfarras em todo o territ\u00f3rio nacional.<\/span><\/p>\n<p style=\"text-align: justify;\" data-start=\"214\" data-end=\"615\"><span style=\"font-family: arial, helvetica, sans-serif;\">As entidades estaduais exercem papel estrat\u00e9gico na estrutura organizacional da CNBF, atuando como inst\u00e2ncias executoras das diretrizes nacionais e como elo direto entre a Confedera\u00e7\u00e3o e as corpora\u00e7\u00f5es musicais. Por meio delas, viabiliza-se a descentraliza\u00e7\u00e3o das a\u00e7\u00f5es, garantindo maior efici\u00eancia na gest\u00e3o, proximidade com as realidades locais e fortalecimento institucional em cada regi\u00e3o do pa\u00eds.<\/span><\/p>\n<p style=\"text-align: justify;\" data-start=\"617\" data-end=\"993\"><span style=\"font-family: arial, helvetica, sans-serif;\">Cabe aos estados federados a promo\u00e7\u00e3o e organiza\u00e7\u00e3o de atividades essenciais, como campeonatos, festivais, cursos de forma\u00e7\u00e3o e a\u00e7\u00f5es culturais, que impulsionam o crescimento t\u00e9cnico, art\u00edstico e educacional das bandas e fanfarras. Al\u00e9m disso, desempenham fun\u00e7\u00e3o determinante na identifica\u00e7\u00e3o e desenvolvimento de novos talentos, assegurando a renova\u00e7\u00e3o cont\u00ednua do movimento.<\/span><\/p>\n<p style=\"text-align: justify;\" data-start=\"995\" data-end=\"1239\"><span style=\"font-family: arial, helvetica, sans-serif;\">No \u00e2mbito da representatividade, os estados federados garantem que as particularidades culturais, sociais e art\u00edsticas de cada regi\u00e3o sejam respeitadas e valorizadas, contribuindo para a constru\u00e7\u00e3o de uma identidade nacional plural e integrada.<\/span><\/p>\n<p style=\"text-align: justify;\" data-start=\"1241\" data-end=\"1428\"><span style=\"font-family: arial, helvetica, sans-serif;\">Ademais, sua atua\u00e7\u00e3o \u00e9 indispens\u00e1vel para a manuten\u00e7\u00e3o de um sistema competitivo estruturado, transparente e padronizado, servindo como base para as etapas nacionais promovidas pela CNBF.<\/span><\/p>\n<p style=\"text-align: justify;\" data-start=\"1430\" data-end=\"1717\" data-is-last-node=\"\" data-is-only-node=\"\"><span style=\"font-family: arial, helvetica, sans-serif;\">Dessa forma, a CNBF reafirma que o fortalecimento das entidades estaduais \u00e9 condi\u00e7\u00e3o indispens\u00e1vel para o crescimento sustent\u00e1vel do segmento, sendo os estados federados pilares institucionais que asseguram a organiza\u00e7\u00e3o, a legitimidade e a continuidade das bandas e fanfarras no Brasil.<\/span><\/p>\n<p>[\/vc_column_text][vc_column_text css=&#8221;&#8221;]<span style=\"font-family: arial, helvetica, sans-serif;\">NORTE<\/span>[\/vc_column_text][vc_media_grid css=&#8221;&#8221; grid_id=&#8221;vc_gid:1775060177710-b11eb403-bee0-8&#8243; include=&#8221;956,955,962,948&#8243;][vc_column_text css=&#8221;&#8221;]<span style=\"font-family: arial, helvetica, sans-serif;\">NORDESTE<\/span>[\/vc_column_text][vc_media_grid css=&#8221;&#8221; grid_id=&#8221;vc_gid:1775060177710-0fdac7fe-b1ed-10&#8243; include=&#8221;952,950,949&#8243;][vc_column_text css=&#8221;&#8221;]<span style=\"font-family: arial, helvetica, sans-serif;\">CENTRO-OESTE<\/span>[\/vc_column_text][vc_media_grid css=&#8221;&#8221; grid_id=&#8221;vc_gid:1775060177710-cc2b9f46-79dd-5&#8243; include=&#8221;1158,960,957&#8243;][vc_column_text css=&#8221;&#8221;]<span style=\"font-family: arial, helvetica, sans-serif;\">SUDESTE<\/span>[\/vc_column_text][vc_media_grid css=&#8221;&#8221; grid_id=&#8221;vc_gid:1775060177710-d885989d-5877-6&#8243; include=&#8221;961,959,951,958&#8243;][vc_column_text css=&#8221;&#8221;]<span style=\"font-family: arial, helvetica, sans-serif;\">SUL<\/span>[\/vc_column_text][vc_media_grid css=&#8221;&#8221; grid_id=&#8221;vc_gid:1775060177710-f1a4e68d-62ae-10&#8243; include=&#8221;928,921,961&#8243;][\/vc_column][\/vc_row]<\/p>\n<\/div>","protected":false},"excerpt":{"rendered":"<p>[vc_row][vc_column][vc_column_text css=&#8221;&#8221;] A Confedera\u00e7\u00e3o Nacional de Bandas e Fanfarras reconhece nos estados federados o alicerce..<\/p>\n","protected":false},"author":1,"featured_media":0,"parent":0,"menu_order":0,"comment_status":"closed","ping_status":"closed","template":"","meta":{"footnotes":""},"class_list":["post-175","page","type-page","status-publish","hentry"],"jetpack_sharing_enabled":true,"_links":{"self":[{"href":"https:\/\/www.cnbf.org.br\/index.php\/wp-json\/wp\/v2\/pages\/175","targetHints":{"allow":["GET"]}}],"collection":[{"href":"https:\/\/www.cnbf.org.br\/index.php\/wp-json\/wp\/v2\/pages"}],"about":[{"href":"https:\/\/www.cnbf.org.br\/index.php\/wp-json\/wp\/v2\/types\/page"}],"author":[{"embeddable":true,"href":"https:\/\/www.cnbf.org.br\/index.php\/wp-json\/wp\/v2\/users\/1"}],"replies":[{"embeddable":true,"href":"https:\/\/www.cnbf.org.br\/index.php\/wp-json\/wp\/v2\/comments?post=175"}],"version-history":[{"count":34,"href":"https:\/\/www.cnbf.org.br\/index.php\/wp-json\/wp\/v2\/pages\/175\/revisions"}],"predecessor-version":[{"id":1481,"href":"https:\/\/www.cnbf.org.br\/index.php\/wp-json\/wp\/v2\/pages\/175\/revisions\/1481"}],"wp:attachment":[{"href":"https:\/\/www.cnbf.org.br\/index.php\/wp-json\/wp\/v2\/media?parent=175"}],"curies":[{"name":"wp","href":"https:\/\/api.w.org\/{rel}","templated":true}]}}