{"id":1120,"date":"2025-10-20T18:15:17","date_gmt":"2025-10-20T21:15:17","guid":{"rendered":"https:\/\/www.cnbf.org.br\/?page_id=1120"},"modified":"2025-11-08T15:35:11","modified_gmt":"2025-11-08T18:35:11","slug":"inscricao-campeonato-nacional-2025","status":"publish","type":"page","link":"https:\/\/www.cnbf.org.br\/index.php\/inscricao-campeonato-nacional-2025\/","title":{"rendered":"INSCRI\u00c7\u00c3O CAMPEONATO NACIONAL 2025"},"content":{"rendered":"<p style=\"text-align: center;\"><img loading=\"lazy\" decoding=\"async\" class=\"alignnone wp-image-50\" src=\"https:\/\/www.cnbf.org.br\/wp-content\/uploads\/2022\/10\/cropped-LOGO-CNBF-1-e1664842815257-300x300.png\" alt=\"\" width=\"194\" height=\"194\" srcset=\"https:\/\/www.cnbf.org.br\/wp-content\/uploads\/2022\/10\/cropped-LOGO-CNBF-1-e1664842815257-300x300.png 300w, https:\/\/www.cnbf.org.br\/wp-content\/uploads\/2022\/10\/cropped-LOGO-CNBF-1-e1664842815257-150x150.png 150w, https:\/\/www.cnbf.org.br\/wp-content\/uploads\/2022\/10\/cropped-LOGO-CNBF-1-e1664842815257.png 400w\" sizes=\"auto, (max-width: 194px) 100vw, 194px\" \/><\/p>\n<h3 style=\"text-align: center;\">Inscri\u00e7\u00f5es do Campeonato Nacional 2025 &#8211; Maca\u00e9 &#8211; RJ<\/h3>\n<h3 style=\"text-align: center;\">FINALIZADAS<\/h3>\n","protected":false},"excerpt":{"rendered":"<p>Inscri\u00e7\u00f5es do Campeonato Nacional 2025 &#8211; Maca\u00e9 &#8211; RJ FINALIZADAS<\/p>\n","protected":false},"author":3,"featured_media":0,"parent":0,"menu_order":0,"comment_status":"closed","ping_status":"closed","template":"","meta":{"footnotes":""},"class_list":["post-1120","page","type-page","status-publish","hentry"],"_hostinger_reach_plugin_has_subscription_block":false,"_hostinger_reach_plugin_is_elementor":false,"wpmagazine_modules_lite_featured_media_urls":{"thumbnail":"","cvmm-medium":"","cvmm-medium-plus":"","cvmm-portrait":"","cvmm-medium-square":"","cvmm-large":"","cvmm-small":"","full":""},"categories_names":null,"comments_number":"0","jetpack_sharing_enabled":true,"_links":{"self":[{"href":"https:\/\/www.cnbf.org.br\/index.php\/wp-json\/wp\/v2\/pages\/1120","targetHints":{"allow":["GET"]}}],"collection":[{"href":"https:\/\/www.cnbf.org.br\/index.php\/wp-json\/wp\/v2\/pages"}],"about":[{"href":"https:\/\/www.cnbf.org.br\/index.php\/wp-json\/wp\/v2\/types\/page"}],"author":[{"embeddable":true,"href":"https:\/\/www.cnbf.org.br\/index.php\/wp-json\/wp\/v2\/users\/3"}],"replies":[{"embeddable":true,"href":"https:\/\/www.cnbf.org.br\/index.php\/wp-json\/wp\/v2\/comments?post=1120"}],"version-history":[{"count":6,"href":"https:\/\/www.cnbf.org.br\/index.php\/wp-json\/wp\/v2\/pages\/1120\/revisions"}],"predecessor-version":[{"id":1316,"href":"https:\/\/www.cnbf.org.br\/index.php\/wp-json\/wp\/v2\/pages\/1120\/revisions\/1316"}],"wp:attachment":[{"href":"https:\/\/www.cnbf.org.br\/index.php\/wp-json\/wp\/v2\/media?parent=1120"}],"curies":[{"name":"wp","href":"https:\/\/api.w.org\/{rel}","templated":true}]}}