{"id":1104,"date":"2025-10-20T16:29:36","date_gmt":"2025-10-20T19:29:36","guid":{"rendered":"https:\/\/www.cnbf.org.br\/?page_id=1104"},"modified":"2026-04-01T11:54:07","modified_gmt":"2026-04-01T14:54:07","slug":"fale-conosco","status":"publish","type":"page","link":"https:\/\/www.cnbf.org.br\/index.php\/fale-conosco\/","title":{"rendered":"FALE CONOSCO"},"content":{"rendered":"<p style=\"text-align: justify;\" data-start=\"153\" data-end=\"359\"><span style=\"font-family: arial, helvetica, sans-serif;\"><img loading=\"lazy\" decoding=\"async\" class=\"size-full wp-image-826 alignleft\" src=\"https:\/\/www.cnbf.org.br\/wp-content\/uploads\/2025\/05\/f1245e376d418b3ac24e327def94b2e88aa5c47202dec1e5cc2d2c3944dbe6df.png\" alt=\"PATROCINADORES\" width=\"192\" height=\"192\" srcset=\"https:\/\/www.cnbf.org.br\/wp-content\/uploads\/2025\/05\/f1245e376d418b3ac24e327def94b2e88aa5c47202dec1e5cc2d2c3944dbe6df.png 192w, https:\/\/www.cnbf.org.br\/wp-content\/uploads\/2025\/05\/f1245e376d418b3ac24e327def94b2e88aa5c47202dec1e5cc2d2c3944dbe6df-150x150.png 150w\" sizes=\"auto, (max-width: 192px) 100vw, 192px\" \/>A <strong data-start=\"155\" data-end=\"209\">CNBF \u2013 Confedera\u00e7\u00e3o Nacional de Bandas e Fanfarras<\/strong> mant\u00e9m este canal aberto para comunica\u00e7\u00e3o direta com o p\u00fablico, dirigentes, corpora\u00e7\u00f5es musicais, profissionais da \u00e1rea e parceiros institucionais.<\/span><\/p>\n<p style=\"text-align: justify;\" data-start=\"361\" data-end=\"555\"><span style=\"font-family: arial, helvetica, sans-serif;\">Utilize o formul\u00e1rio abaixo para enviar suas d\u00favidas, sugest\u00f5es, solicita\u00e7\u00f5es ou informa\u00e7\u00f5es relacionadas \u00e0s atividades da Confedera\u00e7\u00e3o e ao <strong data-start=\"502\" data-end=\"552\">Campeonato Nacional de Bandas e Fanfarras 2025<\/strong>.<\/span><\/p>\n<p style=\"text-align: justify;\" data-start=\"557\" data-end=\"665\"><span style=\"font-family: arial, helvetica, sans-serif;\">Nossa equipe da Secretaria Nacional analisar\u00e1 cada mensagem com aten\u00e7\u00e3o e retornar\u00e1 o mais breve poss\u00edvel.<\/span><\/p>\n<p style=\"text-align: justify;\" data-start=\"667\" data-end=\"812\"><span style=\"font-family: arial, helvetica, sans-serif;\">\ud83d\udcac <strong data-start=\"670\" data-end=\"685\">Importante:<\/strong> antes de enviar sua mensagem, verifique se todos os dados est\u00e3o corretos para facilitar o contato e agilizar nossa resposta.<\/span><\/p>\n<p style=\"text-align: center;\" data-start=\"814\" data-end=\"934\"><span style=\"font-family: arial, helvetica, sans-serif;\">Agradecemos o seu interesse e a colabora\u00e7\u00e3o para o fortalecimento do movimento de bandas e fanfarras em todo o Brasil.<\/span><\/p>\n<hr \/>\n<h2 style=\"text-align: center;\"><span style=\"font-family: 'arial black', sans-serif;\">CONFEDERA\u00c7\u00c3O NACIONAL DE BANDAS E FANFARRAS &#8211; <\/span><span style=\"font-family: 'arial black', sans-serif;\">CNPJ 02.430651\/0001-47<\/span><\/h2>\n<hr \/>\n<p style=\"text-align: left;\"><span style=\"font-family: 'arial black', sans-serif;\"><strong>Deixe sua mensagem<\/strong><\/span><\/p>\n<p data-start=\"814\" data-end=\"934\"><div class=\"wpforms-container wpforms-container-full wpforms-render-modern\" id=\"wpforms-1099\"><form id=\"wpforms-form-1099\" class=\"wpforms-validate wpforms-form wpforms-ajax-form\" data-formid=\"1099\" method=\"post\" enctype=\"multipart\/form-data\" action=\"\/index.php\/wp-json\/wp\/v2\/pages\/1104\" data-token=\"bca672963de39d53d2efa28b5d162837\"><noscript class=\"wpforms-error-noscript\">Ative o JavaScript no seu navegador para preencher este formul\u00e1rio.<\/noscript><div class=\"wpforms-hidden\" id=\"wpforms-error-noscript\">Ative o JavaScript no seu navegador para preencher este formul\u00e1rio.<\/div><div class=\"wpforms-field-container\"><div id=\"wpforms-1099-field_0-container\" class=\"wpforms-field wpforms-field-name\" data-field-id=\"0\"><label class=\"wpforms-field-label\" for=\"wpforms-1099-field_0\">Nome <span class=\"wpforms-required-label\" aria-hidden=\"true\">*<\/span><\/label><input type=\"text\" id=\"wpforms-1099-field_0\" class=\"wpforms-field-medium wpforms-field-required\" name=\"wpforms[fields][0]\" aria-errormessage=\"wpforms-1099-field_0-error\" required><\/div><div id=\"wpforms-1099-field_1-container\" class=\"wpforms-field wpforms-field-email\" data-field-id=\"1\"><label class=\"wpforms-field-label\" for=\"wpforms-1099-field_1\">E-mail <span class=\"wpforms-required-label\" aria-hidden=\"true\">*<\/span><\/label><input type=\"email\" id=\"wpforms-1099-field_1\" class=\"wpforms-field-medium wpforms-field-required\" name=\"wpforms[fields][1]\" spellcheck=\"false\" aria-errormessage=\"wpforms-1099-field_1-error\" required><\/div><div id=\"wpforms-1099-field_3-container\" class=\"wpforms-field wpforms-field-phone\" data-field-id=\"3\"><label class=\"wpforms-field-label\" for=\"wpforms-1099-field_3\">Telefone \/ Whatsapp <span class=\"wpforms-required-label\" aria-hidden=\"true\">*<\/span><\/label><input type=\"tel\" id=\"wpforms-1099-field_3\" class=\"wpforms-field-medium wpforms-field-required\" data-rule-int-phone-field=\"true\" name=\"wpforms[fields][3]\" aria-errormessage=\"wpforms-1099-field_3-error\" aria-describedby=\"wpforms-1099-field_3-description\" required><div id=\"wpforms-1099-field_3-description\" class=\"wpforms-field-description\">Se o telefone tiver WhatsAPP, a resposta ser\u00e1 por ele.<\/div><\/div><div id=\"wpforms-1099-field_2-container\" class=\"wpforms-field wpforms-field-textarea\" data-field-id=\"2\"><label class=\"wpforms-field-label\" for=\"wpforms-1099-field_2\">Coment\u00e1rio ou Mensagem <span class=\"wpforms-required-label\" aria-hidden=\"true\">*<\/span><\/label><textarea id=\"wpforms-1099-field_2\" class=\"wpforms-field-medium wpforms-field-required\" name=\"wpforms[fields][2]\" aria-errormessage=\"wpforms-1099-field_2-error\" aria-describedby=\"wpforms-1099-field_2-description\" required><\/textarea><div id=\"wpforms-1099-field_2-description\" class=\"wpforms-field-description\">Sua d\u00favida, solicita\u00e7\u00e3o ou pedido \u00e0 Confedera\u00e7\u00e3o Nacional de Bandas e Fanfarras<\/div><\/div><\/div><!-- .wpforms-field-container --><div class=\"wpforms-submit-container\" ><input type=\"hidden\" name=\"wpforms[id]\" value=\"1099\"><input type=\"hidden\" name=\"wpforms[author]\" value=\"3\"><button type=\"submit\" name=\"wpforms[submit]\" id=\"wpforms-submit-1099\" class=\"wpforms-submit\" data-alt-text=\"Enviando\u2026\" data-submit-text=\"Enviar\" aria-live=\"assertive\" value=\"wpforms-submit\">Enviar<\/button><img loading=\"lazy\" decoding=\"async\" src=\"https:\/\/www.cnbf.org.br\/wp-content\/plugins\/wpforms\/assets\/images\/submit-spin.svg\" class=\"wpforms-submit-spinner\" style=\"display: none;\" width=\"26\" height=\"26\" alt=\"Carregando\"><\/div><\/form><\/div>  <!-- .wpforms-container --><\/p>\n","protected":false},"excerpt":{"rendered":"<p>A CNBF \u2013 Confedera\u00e7\u00e3o Nacional de Bandas e Fanfarras mant\u00e9m este canal aberto para comunica\u00e7\u00e3o direta com o p\u00fablico, dirigentes, corpora\u00e7\u00f5es musicais, profissionais da \u00e1rea e parceiros institucionais. Utilize o formul\u00e1rio abaixo para enviar suas d\u00favidas, sugest\u00f5es, solicita\u00e7\u00f5es ou informa\u00e7\u00f5es relacionadas \u00e0s atividades da Confedera\u00e7\u00e3o e ao Campeonato Nacional de Bandas e Fanfarras 2025. Nossa [&hellip;]<\/p>\n","protected":false},"author":3,"featured_media":0,"parent":0,"menu_order":0,"comment_status":"closed","ping_status":"closed","template":"","meta":{"footnotes":""},"class_list":["post-1104","page","type-page","status-publish","hentry"],"_hostinger_reach_plugin_has_subscription_block":false,"_hostinger_reach_plugin_is_elementor":false,"wpmagazine_modules_lite_featured_media_urls":{"thumbnail":"","cvmm-medium":"","cvmm-medium-plus":"","cvmm-portrait":"","cvmm-medium-square":"","cvmm-large":"","cvmm-small":"","full":""},"categories_names":null,"comments_number":"0","jetpack_sharing_enabled":true,"_links":{"self":[{"href":"https:\/\/www.cnbf.org.br\/index.php\/wp-json\/wp\/v2\/pages\/1104","targetHints":{"allow":["GET"]}}],"collection":[{"href":"https:\/\/www.cnbf.org.br\/index.php\/wp-json\/wp\/v2\/pages"}],"about":[{"href":"https:\/\/www.cnbf.org.br\/index.php\/wp-json\/wp\/v2\/types\/page"}],"author":[{"embeddable":true,"href":"https:\/\/www.cnbf.org.br\/index.php\/wp-json\/wp\/v2\/users\/3"}],"replies":[{"embeddable":true,"href":"https:\/\/www.cnbf.org.br\/index.php\/wp-json\/wp\/v2\/comments?post=1104"}],"version-history":[{"count":7,"href":"https:\/\/www.cnbf.org.br\/index.php\/wp-json\/wp\/v2\/pages\/1104\/revisions"}],"predecessor-version":[{"id":1452,"href":"https:\/\/www.cnbf.org.br\/index.php\/wp-json\/wp\/v2\/pages\/1104\/revisions\/1452"}],"wp:attachment":[{"href":"https:\/\/www.cnbf.org.br\/index.php\/wp-json\/wp\/v2\/media?parent=1104"}],"curies":[{"name":"wp","href":"https:\/\/api.w.org\/{rel}","templated":true}]}}